{"id":50,"date":"2016-11-28T17:31:34","date_gmt":"2016-11-28T15:31:34","guid":{"rendered":"http:\/\/www.expertisenumerique.com\/?page_id=50"},"modified":"2017-08-30T15:01:57","modified_gmt":"2017-08-30T13:01:57","slug":"assistance-avocats-et-huissiers","status":"publish","type":"page","link":"https:\/\/www.expertisenumerique.com\/index.php\/assistance-avocats-et-huissiers\/","title":{"rendered":"Assistance aux Avocats et Huissiers de Justice"},"content":{"rendered":"<h2>Article 145 du Code de Proc\u00e9dure Civile et<\/h2>\n<h2>L332-1 du Code de la Propri\u00e9t\u00e9 Intellectuelle<\/h2>\n<p>Nous assistons les avocats et huissiers de justice dans le cadre de constats ou de requ\u00eates mettant en avant l&rsquo;informatique et tous les supports num\u00e9riques.<\/p>\n<p>Nos processus d&rsquo;investigations permettent de r\u00e9cup\u00e9rer les fichiers et l&rsquo;historisation des acc\u00e8s sur tous supports num\u00e9riques.<\/p>\n","protected":false},"excerpt":{"rendered":"<p>Article 145 du Code de Proc\u00e9dure Civile et L332-1 du Code de la Propri\u00e9t\u00e9 Intellectuelle Nous assistons les avocats et huissiers de justice dans le cadre de constats ou de requ\u00eates mettant en avant l&rsquo;informatique et tous les supports num\u00e9riques. Nos processus d&rsquo;investigations permettent de r\u00e9cup\u00e9rer les fichiers et l&rsquo;historisation des acc\u00e8s sur tous supports &hellip; <\/p>\n<p class=\"link-more\"><a href=\"https:\/\/www.expertisenumerique.com\/index.php\/assistance-avocats-et-huissiers\/\" class=\"more-link\">Continuer la lecture<span class=\"screen-reader-text\"> de &laquo;&nbsp;Assistance aux Avocats et Huissiers de Justice&nbsp;&raquo;<\/span><\/a><\/p>\n","protected":false},"author":2,"featured_media":0,"parent":0,"menu_order":0,"comment_status":"closed","ping_status":"closed","template":"","meta":{"footnotes":""},"class_list":["post-50","page","type-page","status-publish","hentry"],"_links":{"self":[{"href":"https:\/\/www.expertisenumerique.com\/index.php\/wp-json\/wp\/v2\/pages\/50","targetHints":{"allow":["GET"]}}],"collection":[{"href":"https:\/\/www.expertisenumerique.com\/index.php\/wp-json\/wp\/v2\/pages"}],"about":[{"href":"https:\/\/www.expertisenumerique.com\/index.php\/wp-json\/wp\/v2\/types\/page"}],"author":[{"embeddable":true,"href":"https:\/\/www.expertisenumerique.com\/index.php\/wp-json\/wp\/v2\/users\/2"}],"replies":[{"embeddable":true,"href":"https:\/\/www.expertisenumerique.com\/index.php\/wp-json\/wp\/v2\/comments?post=50"}],"version-history":[{"count":3,"href":"https:\/\/www.expertisenumerique.com\/index.php\/wp-json\/wp\/v2\/pages\/50\/revisions"}],"predecessor-version":[{"id":88,"href":"https:\/\/www.expertisenumerique.com\/index.php\/wp-json\/wp\/v2\/pages\/50\/revisions\/88"}],"wp:attachment":[{"href":"https:\/\/www.expertisenumerique.com\/index.php\/wp-json\/wp\/v2\/media?parent=50"}],"curies":[{"name":"wp","href":"https:\/\/api.w.org\/{rel}","templated":true}]}}