{"id":52,"date":"2016-11-28T17:32:10","date_gmt":"2016-11-28T15:32:10","guid":{"rendered":"http:\/\/www.expertisenumerique.com\/?page_id=52"},"modified":"2024-09-02T10:10:00","modified_gmt":"2024-09-02T08:10:00","slug":"recuperation-de-donnees","status":"publish","type":"page","link":"https:\/\/www.expertisenumerique.com\/index.php\/recuperation-de-donnees\/","title":{"rendered":"R\u00e9cup\u00e9ration de Donn\u00e9es"},"content":{"rendered":"<p>Le premier r\u00e9flexe si vous n&rsquo;arrivez plus \u00e0 acc\u00e9der \u00e0 votre support num\u00e9rique :<\/p>\n<p>Vos donn\u00e9es sont r\u00e9cup\u00e9rables ? Notre analyse et devis sous 72H00 pour un montant de 40 \u20ac ( \u00e0 d\u00e9duire du montant final de la facture).<\/p>\n<p>Pour effectuer nos r\u00e9cup\u00e9rations de donn\u00e9es num\u00e9riques, nous disposons d&rsquo;un laboratoire \u00ab\u00a0salle blanche\u00a0\u00bb ISO 5.<\/p>\n<p>Les pannes peuvent \u00eatre : logiques, \u00e9lectroniques, \u00e9lectrom\u00e9caniques, m\u00e9caniques o\u00f9 sur les cellules m\u00e9moires.<\/p>\n<p>Nos tarifs d\u00e9pendent du type de panne (de 249 \u20ac \u00e0 849 \u20ac TTC)<\/p>\n<p>La restitution de vos donn\u00e9es s&rsquo;effectuera soit sur cl\u00e9 usb, soit sur disque dur externe, ces supports sont fournis par nos soins.<\/p>\n","protected":false},"excerpt":{"rendered":"<p>Le premier r\u00e9flexe si vous n&rsquo;arrivez plus \u00e0 acc\u00e9der \u00e0 votre support num\u00e9rique : Vos donn\u00e9es sont r\u00e9cup\u00e9rables ? Notre analyse et devis sous 72H00 pour un montant de 40 \u20ac ( \u00e0 d\u00e9duire du montant final de la facture). Pour effectuer nos r\u00e9cup\u00e9rations de donn\u00e9es num\u00e9riques, nous disposons d&rsquo;un laboratoire \u00ab\u00a0salle blanche\u00a0\u00bb ISO 5. &hellip; <\/p>\n<p class=\"link-more\"><a href=\"https:\/\/www.expertisenumerique.com\/index.php\/recuperation-de-donnees\/\" class=\"more-link\">Continuer la lecture<span class=\"screen-reader-text\"> de &laquo;&nbsp;R\u00e9cup\u00e9ration de Donn\u00e9es&nbsp;&raquo;<\/span><\/a><\/p>\n","protected":false},"author":2,"featured_media":0,"parent":0,"menu_order":0,"comment_status":"closed","ping_status":"closed","template":"","meta":{"footnotes":""},"class_list":["post-52","page","type-page","status-publish","hentry"],"_links":{"self":[{"href":"https:\/\/www.expertisenumerique.com\/index.php\/wp-json\/wp\/v2\/pages\/52","targetHints":{"allow":["GET"]}}],"collection":[{"href":"https:\/\/www.expertisenumerique.com\/index.php\/wp-json\/wp\/v2\/pages"}],"about":[{"href":"https:\/\/www.expertisenumerique.com\/index.php\/wp-json\/wp\/v2\/types\/page"}],"author":[{"embeddable":true,"href":"https:\/\/www.expertisenumerique.com\/index.php\/wp-json\/wp\/v2\/users\/2"}],"replies":[{"embeddable":true,"href":"https:\/\/www.expertisenumerique.com\/index.php\/wp-json\/wp\/v2\/comments?post=52"}],"version-history":[{"count":9,"href":"https:\/\/www.expertisenumerique.com\/index.php\/wp-json\/wp\/v2\/pages\/52\/revisions"}],"predecessor-version":[{"id":110,"href":"https:\/\/www.expertisenumerique.com\/index.php\/wp-json\/wp\/v2\/pages\/52\/revisions\/110"}],"wp:attachment":[{"href":"https:\/\/www.expertisenumerique.com\/index.php\/wp-json\/wp\/v2\/media?parent=52"}],"curies":[{"name":"wp","href":"https:\/\/api.w.org\/{rel}","templated":true}]}}